{"id":415,"date":"2026-02-10T07:24:02","date_gmt":"2026-02-10T07:24:02","guid":{"rendered":"https:\/\/espace-tourbillon.ch\/?page_id=415"},"modified":"2026-04-23T08:14:01","modified_gmt":"2026-04-23T08:14:01","slug":"nous-decouvrir","status":"publish","type":"page","link":"https:\/\/espace-tourbillon.ch\/fr\/nous-decouvrir\/","title":{"rendered":"Nous d\u00e9couvrir"},"content":{"rendered":"<section class=\"pt-[72px] md:pt-[70px] pb-[50px] md:pb-[70px]\" style=\"background-color: #465057\" id=\"block_062bda4af7df5d4f86850a2e3ae5b745\">\n    <div class=\"relative\">\n    <div class=\"container\">\n      <div class=\"flex flex-col items-center text-center gap-[54px] md:gap-[36px]\">\n        \n                  <div class=\"inline-flex items-center gap-2 bg-secondary p-[9px]\">\n                                      <span class=\"font-anton font-normal text-secondary-light text-18px leading-[18px] tracking-[2px] text-center uppercase\">Nous d\u00e9couvrir<\/span>\n                      <\/div>\n        \n        \n        \n        \n                  <div class=\"wysiwyg-content font-sans font-normal text-16px leading-[28px] text-center max-w-4xl\" style=\"color: #FFFFFF;\">\n            <p class=\"p1\">Situ\u00e9 au coeur de la ZIPLO, l\u2019Espace Tourbillon est n\u00e9 de la volont\u00e9 de cr\u00e9er un mod\u00e8le de campus hybride, combinant logistique performante, mixit\u00e9 sociale et \u00e9conomique.<\/p>\n<p class=\"p1\">Plus qu\u2019un simple complexe immobilier, c\u2019est un lieu de synergies int\u00e9grant activit\u00e9s industrielles, artisanales, sociales et de formation, avec une gare logistique innovante.<\/p>\n\n          <\/div>\n        \n        \n              <\/div>\n    <\/div>\n  <\/div>\n<\/section>\n\n\n\n<section class=\"pt-[72px] md:pt-[70px] pb-[50px] md:pb-[70px]\" style=\"\" id=\"block_075e03e5d6402fde9f2cbff3c4cb3adc\">\n    <div class=\"container pt-[72px]\">\n          <div\n        x-data='tabsBlock({&quot;blockId&quot;:&quot;block_075e03e5d6402fde9f2cbff3c4cb3adc&quot;,&quot;defaultTab&quot;:0,&quot;tabsPanelIds&quot;:[&quot;tabpanel-block_075e03e5d6402fde9f2cbff3c4cb3adc-0&quot;,&quot;tabpanel-block_075e03e5d6402fde9f2cbff3c4cb3adc-1&quot;,&quot;tabpanel-block_075e03e5d6402fde9f2cbff3c4cb3adc-2&quot;]})'\n        class=\"w-full\"\n      >\n        \n        <div class=\"bg-white -mt-[120px] px-[15px] md:px-[72px] pt-1 md:pt-10 relative z-10\">\n          \n          <div\n            x-on:keydown.right.prevent=\"$focus.wrap().next()\"\n            x-on:keydown.left.prevent=\"$focus.wrap().previous()\"\n            class=\"tabs-nav-sticky sticky z-20 flex justify-center items-end overflow-x-auto overflow-y-hidden pt-8 pb-0 -mx-[15px] md:-mx-[72px] px-[15px] md:px-[72px] bg-white\"\n            role=\"tablist\"\n          >\n                                        <button\n                x-on:click=\"switchTab(0)\"\n                x-bind:aria-selected=\"selectedTab === 'block_075e03e5d6402fde9f2cbff3c4cb3adc-0'\"\n                x-bind:tabindex=\"selectedTab === 'block_075e03e5d6402fde9f2cbff3c4cb3adc-0' ? '0' : '-1'\"\n                x-bind:class=\"selectedTab === 'block_075e03e5d6402fde9f2cbff3c4cb3adc-0'\n                    ? 'text-secondary'\n                    : 'text-primary'\"\n                class=\"relative font-anton font-normal text-20px md:text-30px leading-30 tracking-0 transition-all duration-150 whitespace-nowrap p-[18px] border-b-2 border-secondary-light \"\n                type=\"button\"\n                role=\"tab\"\n                aria-controls=\"tabpanel-block_075e03e5d6402fde9f2cbff3c4cb3adc-0\"\n              >\n                Concept\n                <span \n                  x-show=\"selectedTab === 'block_075e03e5d6402fde9f2cbff3c4cb3adc-0'\"\n                  class=\"absolute bottom-0 left-0 right-0 h-[5px] bg-secondary z-10\"\n                  style=\"margin-bottom: -2px;\"\n                ><\/span>\n              <\/button>\n                                        <button\n                x-on:click=\"switchTab(1)\"\n                x-bind:aria-selected=\"selectedTab === 'block_075e03e5d6402fde9f2cbff3c4cb3adc-1'\"\n                x-bind:tabindex=\"selectedTab === 'block_075e03e5d6402fde9f2cbff3c4cb3adc-1' ? '0' : '-1'\"\n                x-bind:class=\"selectedTab === 'block_075e03e5d6402fde9f2cbff3c4cb3adc-1'\n                    ? 'text-secondary'\n                    : 'text-primary'\"\n                class=\"relative font-anton font-normal text-20px md:text-30px leading-30 tracking-0 transition-all duration-150 whitespace-nowrap p-[18px] border-b-2 border-secondary-light \"\n                type=\"button\"\n                role=\"tab\"\n                aria-controls=\"tabpanel-block_075e03e5d6402fde9f2cbff3c4cb3adc-1\"\n              >\n                Activit\u00e9s\n                <span \n                  x-show=\"selectedTab === 'block_075e03e5d6402fde9f2cbff3c4cb3adc-1'\"\n                  class=\"absolute bottom-0 left-0 right-0 h-[5px] bg-secondary z-10\"\n                  style=\"margin-bottom: -2px;\"\n                ><\/span>\n              <\/button>\n                                        <button\n                x-on:click=\"switchTab(2)\"\n                x-bind:aria-selected=\"selectedTab === 'block_075e03e5d6402fde9f2cbff3c4cb3adc-2'\"\n                x-bind:tabindex=\"selectedTab === 'block_075e03e5d6402fde9f2cbff3c4cb3adc-2' ? '0' : '-1'\"\n                x-bind:class=\"selectedTab === 'block_075e03e5d6402fde9f2cbff3c4cb3adc-2'\n                    ? 'text-secondary'\n                    : 'text-primary'\"\n                class=\"relative font-anton font-normal text-20px md:text-30px leading-30 tracking-0 transition-all duration-150 whitespace-nowrap p-[18px] border-b-2 border-secondary-light \"\n                type=\"button\"\n                role=\"tab\"\n                aria-controls=\"tabpanel-block_075e03e5d6402fde9f2cbff3c4cb3adc-2\"\n              >\n                Engagement soci\u00e9taux\n                <span \n                  x-show=\"selectedTab === 'block_075e03e5d6402fde9f2cbff3c4cb3adc-2'\"\n                  class=\"absolute bottom-0 left-0 right-0 h-[5px] bg-secondary z-10\"\n                  style=\"margin-bottom: -2px;\"\n                ><\/span>\n              <\/button>\n                      <\/div>\n\n          \n          <div id=\"tabs-content-block_075e03e5d6402fde9f2cbff3c4cb3adc\" class=\"scroll-mt-20\">\n                                  <div\n              x-cloak\n              x-show=\"selectedTab === 'block_075e03e5d6402fde9f2cbff3c4cb3adc-0'\"\n              id=\"tabpanel-block_075e03e5d6402fde9f2cbff3c4cb3adc-0\"\n              role=\"tabpanel\"\n              aria-labelledby=\"block_075e03e5d6402fde9f2cbff3c4cb3adc-0\"\n            >\n                                                \n                  \n                                      <div class=\"py-[50px] md:py-[72px]\">\n                      <div class=\"flex flex-col gap-[54px] md:gap-[36px]\">\n        \n        \n        \n                    <div class=\"flex flex-col gap-[54px] md:gap-[36px]\">\n                                    <div class=\"font-anton font-normal text-40px leading-40 text-primary\">\n                        <p>Un projet unique \u00e0 Gen\u00e8ve<\/p>\n\n                    <\/div>\n                                                    <div class=\"wysiwyg-content font-sans font-normal text-16px leading-28 text-primary\">\n                        <p class=\"p1\">L\u2019Espace Tourbillon se distingue par un concept architectural novateur qui combine cinq b\u00e2timents reli\u00e9s par une vaste esplanade pi\u00e9tonne et une gare logistique souterraine commune. Cette organisation permet de lib\u00e9rer les fa\u00e7ades et les espaces ext\u00e9rieurs des contraintes de livraisons, offrant un cadre s\u00e9curis\u00e9 et fluide pour les usagers et usag\u00e8res.<\/p>\n<p class=\"p1\">Pens\u00e9 comme un v\u00e9ritable village d\u2019activit\u00e9s, le projet favorise les circulations douces et les interactions entre les diff\u00e9rentes structures pr\u00e9sentes sur le site. L\u2019esplanade centrale constitue un espace de rencontre et de respiration, au c\u0153ur d\u2019un ensemble b\u00e2ti dense mais ouvert.<\/p>\n<p class=\"p1\">La s\u00e9paration des flux \u2013 logistiques en sous-sol et pi\u00e9tons en surface \u2013 permet d\u2019assurer \u00e0 la fois l\u2019efficacit\u00e9 des op\u00e9rations et la qualit\u00e9 des espaces de travail. Ce dispositif contribue \u00e0 cr\u00e9er un environnement fonctionnel, lisible et agr\u00e9able pour les entreprises, les collaboratrices et collaborateurs ainsi que les visiteurs.<\/p>\n<p class=\"p1\">L\u2019architecture du site privil\u00e9gie \u00e9galement la modularit\u00e9 des espaces, afin de permettre l\u2019\u00e9volution des activit\u00e9s dans le temps et l\u2019accueil d\u2019une diversit\u00e9 d\u2019organisations. Les b\u00e2timents ont \u00e9t\u00e9 con\u00e7us pour s\u2019adapter \u00e0 des usages vari\u00e9s, tout en favorisant la mutualisation de certaines infrastructures.<\/p>\n<p class=\"p1\">L\u2019Espace Tourbillon incarne ainsi une approche contemporaine du d\u00e9veloppement urbain, o\u00f9 architecture, logistique et qualit\u00e9 des espaces se conjuguent pour cr\u00e9er un lieu de travail durable et ouvert sur son territoire.<\/p>\n\n                    <\/div>\n                                            <\/div>\n        \n        \n                    <div class=\"w-full\">\n                <img decoding=\"async\" src=\"https:\/\/espace-tourbillon.ch\/app\/uploads\/2026\/02\/vue-aerienne.png\" alt=\"photo de la vue a\u00e9rienne\" class=\"w-full h-auto\">\n            <\/div>\n            <\/div>\n\n\n                    <\/div>\n                  \n                  \n                  \n                  \n                  \n                  \n                                                            <\/div>\n                                  <div\n              x-cloak\n              x-show=\"selectedTab === 'block_075e03e5d6402fde9f2cbff3c4cb3adc-1'\"\n              id=\"tabpanel-block_075e03e5d6402fde9f2cbff3c4cb3adc-1\"\n              role=\"tabpanel\"\n              aria-labelledby=\"block_075e03e5d6402fde9f2cbff3c4cb3adc-1\"\n            >\n                                                \n                  \n                                      <div class=\"py-[50px] md:py-[72px]\">\n                      <div class=\"flex flex-col gap-[54px] md:gap-[36px]\">\n        \n        \n        \n                    <div class=\"flex flex-col gap-[54px] md:gap-[36px]\">\n                                    <div class=\"font-anton font-normal text-40px leading-40 text-primary\">\n                        <p>Un \u00e9cosyst\u00e8me productif au c\u0153ur de la ZIPLO<\/p>\n\n                    <\/div>\n                                                    <div class=\"wysiwyg-content font-sans font-normal text-16px leading-28 text-primary\">\n                        <p class=\"p1\">Situ\u00e9 au c\u0153ur de la Zone Industrielle de Plan-les-Ouates (ZIPLO), l\u2019Espace Tourbillon s\u2019inscrit dans l\u2019un des grands p\u00f4les genevois d\u00e9di\u00e9s aux activit\u00e9s artisanales, industrielles et logistiques. Cet ancrage strat\u00e9gique au sein d\u2019un tissu \u00e9conomique dense favorise les synergies entre entreprises, fournisseurs et acteurs de l\u2019innovation.<\/p>\n<p class=\"p1\">Dans un contexte o\u00f9 les surfaces d\u00e9di\u00e9es aux activit\u00e9s productives sont rares \u00e0 Gen\u00e8ve, le site offre un environnement particuli\u00e8rement adapt\u00e9 aux entreprises souhaitant d\u00e9velopper ou maintenir leurs activit\u00e9s au c\u0153ur du canton.<\/p>\n<p class=\"p1\">Pens\u00e9 comme un v\u00e9ritable village industriel, l\u2019Espace Tourbillon r\u00e9unit plusieurs b\u00e2timents organis\u00e9s autour d\u2019une esplanade centrale et int\u00e8gre des infrastructures logistiques directement adapt\u00e9es aux besoins des entreprises. Une gare logistique souterraine permet notamment la gestion des flux de marchandises et facilite les op\u00e9rations de livraison et de distribution, tout en assurant une circulation fluide sur le site.<\/p>\n<p class=\"p1\">L\u2019Espace Tourbillon conjugue ainsi :<\/p>\n<ul>\n<li class=\"p1\">un ancrage strat\u00e9gique au c\u0153ur de la ZIPLO, p\u00f4le industriel majeur du canton<\/li>\n<li class=\"p1\">des infrastructures logistiques int\u00e9gr\u00e9es, facilitant les flux de marchandises et les activit\u00e9s de production<\/li>\n<li class=\"p1\">des surfaces modulables, permettant de combiner ateliers, stockage et espaces de bureaux<\/li>\n<li class=\"p1\">un \u00e9cosyst\u00e8me dynamique, o\u00f9 coexistent activit\u00e9s \u00e9conomiques, innovation sociale et initiatives li\u00e9es \u00e0 l\u2019\u00e9conomie circulaire<\/li>\n<\/ul>\n<p class=\"p1\">Au sein de cette zone industrielle historique, l\u2019Espace Tourbillon propose un cadre de travail fonctionnel et connect\u00e9, propice au d\u00e9veloppement d\u2019entreprises productives et innovantes.<\/p>\n\n                    <\/div>\n                                            <\/div>\n        \n        \n                    <div class=\"w-full\">\n                <img decoding=\"async\" src=\"https:\/\/espace-tourbillon.ch\/app\/uploads\/2026\/02\/Plan-archi-coupe-draw.png\" alt=\"Plan-archi-coupe-draw\" class=\"w-full h-auto\">\n            <\/div>\n            <\/div>\n\n\n                    <\/div>\n                  \n                  \n                  \n                  \n                  \n                  \n                                                            <\/div>\n                                  <div\n              x-cloak\n              x-show=\"selectedTab === 'block_075e03e5d6402fde9f2cbff3c4cb3adc-2'\"\n              id=\"tabpanel-block_075e03e5d6402fde9f2cbff3c4cb3adc-2\"\n              role=\"tabpanel\"\n              aria-labelledby=\"block_075e03e5d6402fde9f2cbff3c4cb3adc-2\"\n            >\n                                                \n                  \n                                      <div class=\"py-[50px] md:py-[72px]\">\n                      <div class=\"flex flex-col gap-[54px] md:gap-[36px]\">\n        \n        \n        \n                    <div class=\"flex flex-col gap-[54px] md:gap-[36px]\">\n                                    <div class=\"font-anton font-normal text-40px leading-40 text-primary\">\n                        <p class=\"p1\">Une d\u00e9marche forte de responsabilit\u00e9 soci\u00e9tale (RSE)<\/p>\n\n                    <\/div>\n                                                    <div class=\"wysiwyg-content font-sans font-normal text-16px leading-28 text-primary\">\n                        <p class=\"p1\">L\u2019Espace Tourbillon est unique \u00e0 Gen\u00e8ve car il conjugue :<\/p>\n<ul>\n<li class=\"p1\">une infrastructure durable et mutualis\u00e9e qui r\u00e9duit l\u2019impact environnemental (centrale photovolta\u00efque, chauffage \u00e0 distance, label Minergie) ;<\/li>\n<li class=\"p1\">un complexe social et professionnel favorisant insertion et formation ;<\/li>\n<li class=\"p1\">une plateforme d\u2019\u00e9conomie circulaire et solidaire, anim\u00e9e par les entreprises sociales du site.<\/li>\n<\/ul>\n<p class=\"p1\">\n<p class=\"p1\">Il incarne un mod\u00e8le de responsabilit\u00e9 soci\u00e9tale int\u00e9gr\u00e9e, o\u00f9 l\u2019architecture, la gouvernance et les activit\u00e9s convergent pour cr\u00e9er un lieu durable, inclusif et innovant.<\/p>\n\n                    <\/div>\n                                            <\/div>\n        \n        \n                    <div class=\"w-full\">\n                <img decoding=\"async\" src=\"https:\/\/espace-tourbillon.ch\/app\/uploads\/2026\/02\/Plan-archi-coupe-draw.png\" alt=\"Plan-archi-coupe-draw\" class=\"w-full h-auto\">\n            <\/div>\n            <\/div>\n\n\n                    <\/div>\n                  \n                  \n                  \n                  \n                  \n                  \n                                                    \n                  \n                  \n                  \n                  \n                  \n                  \n                  \n                                      <div class=\"py-[50px] md:py-[72px]\">\n                      <div class=\"container\">\n        <img decoding=\"async\" \n            src=\"https:\/\/espace-tourbillon.ch\/app\/uploads\/2026\/02\/vue-dessus-toit.png\" \n            alt=\"vue-dessus-toit\" \n            class=\"w-full h-auto\"\n        >\n    <\/div>\n\n                    <\/div>\n                                                            <\/div>\n                    <\/div>\n        <\/div>\n      <\/div>\n      <\/div>\n<\/section>\n\n\n\n<section class=\"pt-[72px] md:pt-[70px] pb-[50px] md:pb-[70px]\" style=\"background-color: #84a8c8\" id=\"block_184fed8be81791b951835a2327903b99\">\n    <div class=\"relative py-[54px] md:py-[72px]\" style=\"\">\n    <div class=\"container\">\n        \n                    <div class=\"mb-[54px] md:mb-[72px]\">\n                <div class=\"text-white font-anton font-normal text-40px md:text-60px leading-65\" >\n                    <p>A d\u00e9couvrir aussi<\/p>\n\n                <\/div>\n            <\/div>\n        \n        \n                    <div class=\"grid grid-cols-1 md:grid-cols-2 gap-6 md:gap-8\">\n                                    \n                    <a href=\"\/entreprises\" target=\"\"\n                        class=\"p-[18px] group flex flex-col overflow-hidden no-underline bg-white hover:bg-secondary-light transition-colors\">\n                        \n                                                    <div class=\"w-full aspect-[16\/9] overflow-hidden\">\n                                <img decoding=\"async\" src=\"https:\/\/espace-tourbillon.ch\/app\/uploads\/2026\/02\/categorie-les-entreprises-draw.png\" alt=\"categorie-les-entreprises-draw\"\n                                    class=\"w-full h-full object-cover group-hover:scale-105 transition-transform duration-300\">\n                            <\/div>\n                        \n                        \n                                                    <div class=\"flex items-center justify-between py-[18px] gap-1\">\n                                <span class=\"text-primary font-anton font-normal text-30px lg:text-40px leading-56\">\n                                    Les entreprises\n                                <\/span>\n                                <svg \n    width=\"45\" \n    height=\"56\" \n    viewBox=\"0 0 45 56\" \n    fill=\"none\" \n    xmlns=\"http:\/\/www.w3.org\/2000\/svg\"\n    class=\"w-[29px] h-[37px] lg:w-[44px] lg:h-[56px] flex-shrink-0\"\n    aria-hidden=\"true\"\n>\n    <rect width=\"39\" height=\"8\" transform=\"matrix(-1 0 0 1 39 24.0001)\" fill=\"#84A8C8\"\/>\n    <path d=\"M37.877 21.8804L9.87077 49.8866L22.1235 49.8866L44.0033 28.0067L37.877 21.8804Z\" fill=\"#84A8C8\"\/>\n    <path d=\"M37.877 34.1198L9.87077 6.11357L22.1235 6.11356L44.0033 27.9934L37.877 34.1198Z\" fill=\"#84A8C8\"\/>\n<\/svg>\n\n                            <\/div>\n                                            <\/a>\n                                    \n                    <a href=\"https:\/\/espace-tourbillon.ch\/espaces-vie\/\" target=\"\"\n                        class=\"p-[18px] group flex flex-col overflow-hidden no-underline bg-white hover:bg-secondary-light transition-colors\">\n                        \n                                                    <div class=\"w-full aspect-[16\/9] overflow-hidden\">\n                                <img decoding=\"async\" src=\"https:\/\/espace-tourbillon.ch\/app\/uploads\/2026\/03\/categorie-espaces-de-vie-draw.png\" alt=\"categorie-espaces-de-vie-draw\"\n                                    class=\"w-full h-full object-cover group-hover:scale-105 transition-transform duration-300\">\n                            <\/div>\n                        \n                        \n                                                    <div class=\"flex items-center justify-between py-[18px] gap-1\">\n                                <span class=\"text-primary font-anton font-normal text-30px lg:text-40px leading-56\">\n                                    Les espaces de vie\n                                <\/span>\n                                <svg \n    width=\"45\" \n    height=\"56\" \n    viewBox=\"0 0 45 56\" \n    fill=\"none\" \n    xmlns=\"http:\/\/www.w3.org\/2000\/svg\"\n    class=\"w-[29px] h-[37px] lg:w-[44px] lg:h-[56px] flex-shrink-0\"\n    aria-hidden=\"true\"\n>\n    <rect width=\"39\" height=\"8\" transform=\"matrix(-1 0 0 1 39 24.0001)\" fill=\"#84A8C8\"\/>\n    <path d=\"M37.877 21.8804L9.87077 49.8866L22.1235 49.8866L44.0033 28.0067L37.877 21.8804Z\" fill=\"#84A8C8\"\/>\n    <path d=\"M37.877 34.1198L9.87077 6.11357L22.1235 6.11356L44.0033 27.9934L37.877 34.1198Z\" fill=\"#84A8C8\"\/>\n<\/svg>\n\n                            <\/div>\n                                            <\/a>\n                            <\/div>\n            <\/div>\n<\/div>\n<\/section>\n\n\n\n<p><\/p>\n","protected":false},"excerpt":{"rendered":"","protected":false},"author":2,"featured_media":0,"parent":0,"menu_order":0,"comment_status":"closed","ping_status":"closed","template":"","meta":{"_acf_changed":false,"footnotes":""},"class_list":["post-415","page","type-page","status-publish","hentry"],"acf":[],"_links":{"self":[{"href":"https:\/\/espace-tourbillon.ch\/fr\/wp-json\/wp\/v2\/pages\/415","targetHints":{"allow":["GET"]}}],"collection":[{"href":"https:\/\/espace-tourbillon.ch\/fr\/wp-json\/wp\/v2\/pages"}],"about":[{"href":"https:\/\/espace-tourbillon.ch\/fr\/wp-json\/wp\/v2\/types\/page"}],"author":[{"embeddable":true,"href":"https:\/\/espace-tourbillon.ch\/fr\/wp-json\/wp\/v2\/users\/2"}],"replies":[{"embeddable":true,"href":"https:\/\/espace-tourbillon.ch\/fr\/wp-json\/wp\/v2\/comments?post=415"}],"version-history":[{"count":25,"href":"https:\/\/espace-tourbillon.ch\/fr\/wp-json\/wp\/v2\/pages\/415\/revisions"}],"predecessor-version":[{"id":811,"href":"https:\/\/espace-tourbillon.ch\/fr\/wp-json\/wp\/v2\/pages\/415\/revisions\/811"}],"wp:attachment":[{"href":"https:\/\/espace-tourbillon.ch\/fr\/wp-json\/wp\/v2\/media?parent=415"}],"curies":[{"name":"wp","href":"https:\/\/api.w.org\/{rel}","templated":true}]}}