{"id":492,"date":"2026-02-10T14:40:23","date_gmt":"2026-02-10T14:40:23","guid":{"rendered":"https:\/\/espace-tourbillon.ch\/?page_id=492"},"modified":"2026-05-05T06:51:24","modified_gmt":"2026-05-05T06:51:24","slug":"nous-trouver","status":"publish","type":"page","link":"https:\/\/espace-tourbillon.ch\/fr\/nous-trouver\/","title":{"rendered":"Nous trouver"},"content":{"rendered":"<section class=\"pt-[72px] md:pt-[70px] pb-[50px] md:pb-[70px]\" style=\"background-color: #465057\" id=\"block_48e66a9c6dd48db818e4e5a559fbe76c\">\n    <div class=\"relative\">\n    <div class=\"container\">\n      <div class=\"flex flex-col items-center text-center gap-[54px] md:gap-[36px]\">\n        \n                  <div class=\"inline-flex items-center gap-2 bg-secondary p-[9px]\">\n                                      <span class=\"font-anton font-normal text-secondary-light text-18px leading-[18px] tracking-[2px] text-center uppercase\">Nous trouver<\/span>\n                      <\/div>\n        \n        \n        \n        \n                  <div class=\"wysiwyg-content font-sans font-normal text-16px leading-[28px] text-center max-w-4xl\" style=\"color: #FFFFFF;\">\n            <p class=\"p1\">Un site accessible \u00e0 toutes et tous, avec un accent sur la mobilit\u00e9 douce.<\/p>\n<p class=\"p1\">L&#8217;Espace Tourbillon se trouve dans la Zone Industrielle de Plan-les-Ouates (ZIPLO), \u00e0 20 minutes du centre de Gen\u00e8ve en transports publics. Bus et trams vous am\u00e8nent directement sur le site depuis les gares CFF.<\/p>\n<p class=\"p1\">Vous venez \u00e0 v\u00e9lo ? Des places de stationnement et des abris sont disponibles pr\u00e8s de chaque b\u00e2timent.<\/p>\n<p class=\"p1\">Vous pr\u00e9f\u00e9rez la voiture ? L&#8217;autoroute est proche et un parking est disponible sur place.<\/p>\n<p class=\"p1\">Vous venez de la France voisine ? Comptez 20 minutes en bus.<\/p>\n\n          <\/div>\n        \n        \n              <\/div>\n    <\/div>\n  <\/div>\n<\/section>\n\n\n\n<section class=\"\" style=\"\" id=\"block_c455e97887d85bdce49d844568614168\">\n    <div class=\"container pt-[72px]\">\n          <div\n        x-data='tabsBlock({&quot;blockId&quot;:&quot;block_c455e97887d85bdce49d844568614168&quot;,&quot;defaultTab&quot;:0,&quot;tabsPanelIds&quot;:[&quot;tabpanel-block_c455e97887d85bdce49d844568614168-0&quot;,&quot;tabpanel-block_c455e97887d85bdce49d844568614168-1&quot;,&quot;tabpanel-block_c455e97887d85bdce49d844568614168-2&quot;]})'\n        class=\"w-full\"\n      >\n        \n        <div class=\"bg-white -mt-[120px] px-[15px] md:px-[72px] pt-1 md:pt-10 relative z-10\">\n          \n          <div\n            x-on:keydown.right.prevent=\"$focus.wrap().next()\"\n            x-on:keydown.left.prevent=\"$focus.wrap().previous()\"\n            class=\"tabs-nav-sticky sticky z-20 flex justify-center items-end overflow-x-auto overflow-y-hidden pt-8 pb-0 -mx-[15px] md:-mx-[72px] px-[15px] md:px-[72px] bg-white\"\n            role=\"tablist\"\n          >\n                                        <button\n                x-on:click=\"switchTab(0)\"\n                x-bind:aria-selected=\"selectedTab === 'block_c455e97887d85bdce49d844568614168-0'\"\n                x-bind:tabindex=\"selectedTab === 'block_c455e97887d85bdce49d844568614168-0' ? '0' : '-1'\"\n                x-bind:class=\"selectedTab === 'block_c455e97887d85bdce49d844568614168-0'\n                    ? 'text-secondary'\n                    : 'text-primary'\"\n                class=\"relative font-anton font-normal text-20px md:text-30px leading-30 tracking-0 transition-all duration-150 whitespace-nowrap p-[18px] border-b-2 border-secondary-light \"\n                type=\"button\"\n                role=\"tab\"\n                aria-controls=\"tabpanel-block_c455e97887d85bdce49d844568614168-0\"\n              >\n                Acc\u00e8s au site\n                <span \n                  x-show=\"selectedTab === 'block_c455e97887d85bdce49d844568614168-0'\"\n                  class=\"absolute bottom-0 left-0 right-0 h-[5px] bg-secondary z-10\"\n                  style=\"margin-bottom: -2px;\"\n                ><\/span>\n              <\/button>\n                                        <button\n                x-on:click=\"switchTab(1)\"\n                x-bind:aria-selected=\"selectedTab === 'block_c455e97887d85bdce49d844568614168-1'\"\n                x-bind:tabindex=\"selectedTab === 'block_c455e97887d85bdce49d844568614168-1' ? '0' : '-1'\"\n                x-bind:class=\"selectedTab === 'block_c455e97887d85bdce49d844568614168-1'\n                    ? 'text-secondary'\n                    : 'text-primary'\"\n                class=\"relative font-anton font-normal text-20px md:text-30px leading-30 tracking-0 transition-all duration-150 whitespace-nowrap p-[18px] border-b-2 border-secondary-light \"\n                type=\"button\"\n                role=\"tab\"\n                aria-controls=\"tabpanel-block_c455e97887d85bdce49d844568614168-1\"\n              >\n                P\u00f4le de mobilit\u00e9\n                <span \n                  x-show=\"selectedTab === 'block_c455e97887d85bdce49d844568614168-1'\"\n                  class=\"absolute bottom-0 left-0 right-0 h-[5px] bg-secondary z-10\"\n                  style=\"margin-bottom: -2px;\"\n                ><\/span>\n              <\/button>\n                                        <button\n                x-on:click=\"switchTab(2)\"\n                x-bind:aria-selected=\"selectedTab === 'block_c455e97887d85bdce49d844568614168-2'\"\n                x-bind:tabindex=\"selectedTab === 'block_c455e97887d85bdce49d844568614168-2' ? '0' : '-1'\"\n                x-bind:class=\"selectedTab === 'block_c455e97887d85bdce49d844568614168-2'\n                    ? 'text-secondary'\n                    : 'text-primary'\"\n                class=\"relative font-anton font-normal text-20px md:text-30px leading-30 tracking-0 transition-all duration-150 whitespace-nowrap p-[18px] border-b-2 border-secondary-light \"\n                type=\"button\"\n                role=\"tab\"\n                aria-controls=\"tabpanel-block_c455e97887d85bdce49d844568614168-2\"\n              >\n                Parking\n                <span \n                  x-show=\"selectedTab === 'block_c455e97887d85bdce49d844568614168-2'\"\n                  class=\"absolute bottom-0 left-0 right-0 h-[5px] bg-secondary z-10\"\n                  style=\"margin-bottom: -2px;\"\n                ><\/span>\n              <\/button>\n                      <\/div>\n\n          \n          <div id=\"tabs-content-block_c455e97887d85bdce49d844568614168\" class=\"scroll-mt-20\">\n                                  <div\n              x-cloak\n              x-show=\"selectedTab === 'block_c455e97887d85bdce49d844568614168-0'\"\n              id=\"tabpanel-block_c455e97887d85bdce49d844568614168-0\"\n              role=\"tabpanel\"\n              aria-labelledby=\"block_c455e97887d85bdce49d844568614168-0\"\n            >\n                                                \n                  \n                                      <div class=\"py-[50px] md:py-[72px]\">\n                      <div class=\"flex flex-col md:flex-row gap-[50px] md:gap-[72px]\">\n        \n        \n        <div class=\"flex flex-col w-full md:w-6\/12 gap-[54px] md:gap-[36px]\">\n                            <div class=\"flex flex-col gap-[54px] md:gap-[36px]\">\n                                            <div class=\"font-anton font-normal text-40px leading-40 text-primary\">\n                            <p>Comment arriver \u00e0 l&#8217;Espace Tourbillon ?<\/p>\n\n                        <\/div>\n                                                                <div class=\"wysiwyg-content font-sans font-normal text-16px leading-28 text-primary\">\n                            <p class=\"p1\">Vous trouverez ci-dessous les principales options pour rejoindre l\u2019Espace Tourbillon, avec des temps de trajet indicatifs depuis diff\u00e9rents points de r\u00e9f\u00e9rence.<\/p>\n\n                        <\/div>\n                                                        <\/div>\n                    <\/div>\n\n                    \n                            <div class=\"w-full md:w-5\/12\">\n                    <img decoding=\"async\" src=\"https:\/\/espace-tourbillon.ch\/app\/uploads\/2026\/03\/illustration-transports-draw.png\" alt=\"Carte illustration\" class=\"w-full h-auto\">\n                <\/div>\n                        <\/div>\n\n\n                    <\/div>\n                  \n                  \n                  \n                  \n                  \n                  \n                                                    \n                  \n                  \n                  \n                                      <div class=\"py-[50px] md:py-[72px]\">\n                      <div class=\"grid grid-cols-1 md:grid-cols-2 gap-[50px] md:gap-[72px]\">\n                    <div class=\"flex flex-col gap-[54px] md:gap-[36px]\">\n        \n                    <div class=\"w-full\">\n                <img decoding=\"async\" src=\"https:\/\/espace-tourbillon.ch\/app\/uploads\/2026\/02\/TRAM_ARRET-scaled.jpeg\" alt=\"TRAM_ARRET\" class=\"w-full h-auto\">\n            <\/div>\n        \n        \n                    <div class=\"flex flex-col gap-[54px] md:gap-[36px]\">\n                                    <div class=\"font-anton font-normal text-40px leading-40 text-primary\">\n                        <p class=\"p1\"><b>Transports publics (tram et bus)<\/b><\/p>\n\n                    <\/div>\n                                                    <div class=\"wysiwyg-content font-sans font-normal text-16px leading-28 text-primary\">\n                        <p class=\"p1\">Plusieurs lignes desservent directement l\u2019Espace Tourbillon :<\/p>\n<p class=\"p1\">L\u2019arr\u00eat ZIPLO se trouve au pied des b\u00e2timents 21 et 23.<\/p>\n<p class=\"p1\">Compter 8 min. \u00e0 pied pour rejoindre l\u2019arr\u00eat Galaise.<\/p>\n<p class=\"p1\"><b>Tram 15<\/b><\/p>\n<ul>\n<li style=\"list-style-type: none;\">\n<ul>\n<li>Arr\u00eat ZIPLO (Trajet possible depuis Lancy-Pont-Rouge)<\/li>\n<li>Plainpalais : 20 minutes<\/li>\n<li>Gen\u00e8ve gare Cornavin : 30 minutes<\/li>\n<\/ul>\n<\/li>\n<\/ul>\n<p class=\"p1\">\n<p class=\"p1\"><b>Bus 82<\/b><\/p>\n<ul>\n<li style=\"list-style-type: none;\">\n<ul>\n<li>Arr\u00eat ZIPLO (Trajet possible depuis Lancy-Bachet)<\/li>\n<\/ul>\n<\/li>\n<\/ul>\n<p class=\"p1\"><b>Bus 48<\/b><\/p>\n<ul>\n<li style=\"list-style-type: none;\">\n<ul>\n<li>Arr\u00eat ZIPLO<\/li>\n<\/ul>\n<\/li>\n<\/ul>\n<p class=\"p1\"><b>Bus 80<\/b><\/p>\n<ul>\n<li style=\"list-style-type: none;\">\n<ul>\n<li>Arr\u00eat Galaise (Trajet possible depuis Lancy-Pont-Rouge et Lancy-Bachet)<\/li>\n<\/ul>\n<\/li>\n<\/ul>\n<p class=\"p1\"><b>Bus 272<\/b><\/p>\n<ul>\n<li style=\"list-style-type: none;\">\n<ul>\n<li>Arr\u00eat Galaise (Trajet possible depuis Lancy-Pont-Rouge et Lancy- Bachet)<\/li>\n<\/ul>\n<\/li>\n<\/ul>\n<p>&nbsp;<\/p>\n\n                    <\/div>\n                                            <\/div>\n        \n        \n            <\/div>\n\n                    <div class=\"flex flex-col gap-[54px] md:gap-[36px]\">\n        \n                    <div class=\"w-full\">\n                <img decoding=\"async\" src=\"https:\/\/espace-tourbillon.ch\/app\/uploads\/2026\/02\/PARKING_VELO-scaled.jpeg\" alt=\"V\u00e9lo\n\" class=\"w-full h-auto\">\n            <\/div>\n        \n        \n                    <div class=\"flex flex-col gap-[54px] md:gap-[36px]\">\n                                    <div class=\"font-anton font-normal text-40px leading-40 text-primary\">\n                        <p><strong>V\u00e9lo<\/strong><\/p>\n\n                    <\/div>\n                                                    <div class=\"wysiwyg-content font-sans font-normal text-16px leading-28 text-primary\">\n                        <p class=\"p1\">Le temps de trajet \u00e0 v\u00e9lo est indicatif et peut varier selon l\u2019itin\u00e9raire choisi :<\/p>\n<ul>\n<li class=\"p1\">Carouge : 15 minutes<\/li>\n<li class=\"p1\">Plainpalais : 20 minutes<\/li>\n<li class=\"p1\">Gen\u00e8ve gare Cornavin : 30 minutes<\/li>\n<\/ul>\n\n                    <\/div>\n                                            <\/div>\n        \n        \n            <\/div>\n\n                    <div class=\"flex flex-col gap-[54px] md:gap-[36px]\">\n        \n        \n        \n                    <div class=\"flex flex-col gap-[54px] md:gap-[36px]\">\n                                    <div class=\"font-anton font-normal text-40px leading-40 text-primary\">\n                        <p><strong>Train<\/strong><\/p>\n\n                    <\/div>\n                                                    <div class=\"wysiwyg-content font-sans font-normal text-16px leading-28 text-primary\">\n                        <p><strong>L\u00e9man Express jusqu&#8217;\u00e0 Lancy-Pont-Rouge ou Lancy-Bachet<\/strong><\/p>\n<p class=\"p1\">Ensuite desservi en transports publics ou v\u00e9lo libre-service.<\/p>\n\n                    <\/div>\n                                            <\/div>\n        \n        \n            <\/div>\n\n                    <div class=\"flex flex-col gap-[54px] md:gap-[36px]\">\n        \n                    <div class=\"w-full\">\n                <img decoding=\"async\" src=\"https:\/\/espace-tourbillon.ch\/app\/uploads\/2026\/02\/PARKING_VOITURE.png\" alt=\"PARKING_VOITURE\" class=\"w-full h-auto\">\n            <\/div>\n        \n        \n                    <div class=\"flex flex-col gap-[54px] md:gap-[36px]\">\n                                    <div class=\"font-anton font-normal text-40px leading-40 text-primary\">\n                        <p><strong>Voiture<\/strong><\/p>\n\n                    <\/div>\n                                                    <div class=\"wysiwyg-content font-sans font-normal text-16px leading-28 text-primary\">\n                        <p class=\"p1\">Le temps de trajet en voiture est indicatif et peut varier selon le trafic :<\/p>\n<ul>\n<li class=\"p1\">Gen\u00e8ve centre-ville : 20 minutes<\/li>\n<li class=\"p1\">Gen\u00e8ve A\u00e9roport : 10 minutes<\/li>\n<li class=\"p1\">Lausanne centre-ville : 50 minutes<\/li>\n<\/ul>\n\n                    <\/div>\n                                            <\/div>\n        \n        \n            <\/div>\n\n            <\/div>\n\n                    <\/div>\n                  \n                  \n                  \n                  \n                                                            <\/div>\n                                  <div\n              x-cloak\n              x-show=\"selectedTab === 'block_c455e97887d85bdce49d844568614168-1'\"\n              id=\"tabpanel-block_c455e97887d85bdce49d844568614168-1\"\n              role=\"tabpanel\"\n              aria-labelledby=\"block_c455e97887d85bdce49d844568614168-1\"\n            >\n                                                \n                  \n                                      <div class=\"py-[50px] md:py-[72px]\">\n                      <div class=\"flex flex-col md:flex-row gap-[50px] md:gap-[72px]\">\n        \n        \n        <div class=\"flex flex-col w-full md:w-6\/12 gap-[54px] md:gap-[36px]\">\n                            <div class=\"flex flex-col gap-[54px] md:gap-[36px]\">\n                                            <div class=\"font-anton font-normal text-40px leading-40 text-primary\">\n                            <p>Quelles solutions pour mes d\u00e9placements \u00e0 l&#8217;Espace Tourbillon ?<\/p>\n\n                        <\/div>\n                                                                <div class=\"wysiwyg-content font-sans font-normal text-16px leading-28 text-primary\">\n                            <p class=\"p1\">L\u2019Espace Tourbillon propose une multitude de services et de solutions de mobilit\u00e9s, adapt\u00e9s aux besoins et aux d\u00e9placements de chacun et chacune.<\/p>\n<ul>\n<li class=\"p1\"><a href=\"https:\/\/www.tpg.ch\/fr\" target=\"_blank\" rel=\"noopener\">TPG<\/a> : tram et bus<\/li>\n<li class=\"p1\"><a href=\"https:\/\/www.donkey.bike\/fr\/cities\/geneva\" target=\"_blank\" rel=\"noopener\">Donkey Republic<\/a> : v\u00e9lo partage \/ v\u00e9lo libre-service<\/li>\n<li class=\"p1\"><a href=\"https:\/\/www.carvelo.ch\" target=\"_blank\" rel=\"noopener\">Carv\u00e9lo<\/a> : v\u00e9los cargo en libre-service<\/li>\n<li class=\"p1\"><a href=\"https:\/\/www.covoiturage-leman.org\/\" target=\"_blank\" rel=\"noopener\">H\u00e9 !L\u00e9man<\/a> : ligne de covoiturage gratuite et sans r\u00e9servation<\/li>\n<li class=\"p1\"><a href=\"https:\/\/mobility.ch\/fr\/a-propos-de-mobility\/emplacements\/louer-une-voiture-geneve?utm_source=google&amp;utm_medium=cpc&amp;utm_campaign=20519264565&amp;utm_content=154870371804&amp;utm_term=mobility+geneve&amp;gad_source=1&amp;gad_campaignid=20519264565&amp;gclid=EAIaIQobChMIyfbFjreXkgMVKW1_AB0MDCF3EAAYASAAEgLev_D_BwE\" target=\"_blank\" rel=\"noopener\">Mobility<\/a> : autopartage \u2013 voiture partag\u00e9e Mobility (disponible che. des Aulx)<\/li>\n<\/ul>\n\n                        <\/div>\n                                                        <\/div>\n                    <\/div>\n\n                    \n                            <div class=\"w-full md:w-5\/12\">\n                    <img decoding=\"async\" src=\"https:\/\/espace-tourbillon.ch\/app\/uploads\/2026\/02\/vue-espace-tourbillon-draw.png\" alt=\"vue-espace-tourbillon-draw\" class=\"w-full h-auto\">\n                <\/div>\n                        <\/div>\n\n\n                    <\/div>\n                  \n                  \n                  \n                  \n                  \n                  \n                                                            <\/div>\n                                  <div\n              x-cloak\n              x-show=\"selectedTab === 'block_c455e97887d85bdce49d844568614168-2'\"\n              id=\"tabpanel-block_c455e97887d85bdce49d844568614168-2\"\n              role=\"tabpanel\"\n              aria-labelledby=\"block_c455e97887d85bdce49d844568614168-2\"\n            >\n                                                \n                  \n                                      <div class=\"py-[50px] md:py-[72px]\">\n                      <div class=\"flex flex-col gap-[54px] md:gap-[36px]\">\n        \n        \n        \n                    <div class=\"flex flex-col gap-[54px] md:gap-[36px]\">\n                                    <div class=\"font-anton font-normal text-40px leading-40 text-primary\">\n                        <p>Un stationnement en voiture ou en deux roues motoris\u00e9es ?<\/p>\n\n                    <\/div>\n                                                    <div class=\"wysiwyg-content font-sans font-normal text-16px leading-28 text-primary\">\n                        <p class=\"p1\">L\u2019Espace Tourbillon dispose d\u2019un parking souterrain comprenant deux entr\u00e9es distinctes, situ\u00e9es Route de la Galaise :<\/p>\n<p><strong>Entr\u00e9e tout public :<\/strong><\/p>\n<ul>\n<li style=\"list-style-type: none;\">\n<ul>\n<li>Parking visiteurs<\/li>\n<li>Parking abonn\u00e9s<\/li>\n<\/ul>\n<\/li>\n<\/ul>\n<p>&nbsp;<\/p>\n<p><strong>Entr\u00e9e v\u00e9hicules utilitaire :<\/strong><\/p>\n<ul>\n<li style=\"list-style-type: none;\">\n<ul>\n<li>Acc\u00e8s r\u00e9serv\u00e9 \u00e0 la gare logistique et aux livraisons<\/li>\n<\/ul>\n<\/li>\n<\/ul>\n\n                    <\/div>\n                                            <\/div>\n        \n        \n                    <div class=\"w-full\">\n                <img decoding=\"async\" src=\"https:\/\/espace-tourbillon.ch\/app\/uploads\/2026\/04\/plan-acces-draw-2.png\" alt=\"plan-acces-draw-2\" class=\"w-full h-auto\">\n            <\/div>\n            <\/div>\n\n\n                    <\/div>\n                  \n                  \n                  \n                  \n                  \n                  \n                                                    \n                  \n                  \n                  \n                  \n                  \n                  \n                  \n                                      <div class=\"py-[50px] md:py-[72px]\">\n                      <div class=\"container\">\n        <img decoding=\"async\" \n            src=\"https:\/\/espace-tourbillon.ch\/app\/uploads\/2026\/02\/PARKING_LIVRAISON_GARE_LOGISTIQUE-scaled.jpeg\" \n            alt=\"PARKING_LIVRAISON_GARE_LOGISTIQUE\" \n            class=\"w-full h-auto\"\n        >\n    <\/div>\n\n                    <\/div>\n                                                            <\/div>\n                    <\/div>\n        <\/div>\n      <\/div>\n      <\/div>\n<\/section>\n\n\n\n<section class=\"pt-[72px] md:pt-[70px] pb-[50px] md:pb-[70px]\" style=\"background-color: #84a8c8\" id=\"block_14bd18ff123b80009a6cacdd5d91c68a\">\n    <div class=\"relative py-[54px] md:py-[72px]\" style=\"\">\n    <div class=\"container\">\n        \n                    <div class=\"mb-[54px] md:mb-[72px]\">\n                <div class=\"text-white font-anton font-normal text-40px md:text-60px leading-65\" >\n                    <p>A d\u00e9couvrir aussi<\/p>\n\n                <\/div>\n            <\/div>\n        \n        \n                    <div class=\"grid grid-cols-1 md:grid-cols-2 gap-6 md:gap-8\">\n                                    \n                    <a href=\"https:\/\/espace-tourbillon.ch\/entreprises\/\" target=\"\" class=\"p-[18px] group flex flex-col overflow-hidden no-underline bg-white hover:bg-secondary-light transition-colors\">\n                        \n                                                    <div class=\"w-full aspect-[16\/9] overflow-hidden\">\n                                <img decoding=\"async\" src=\"https:\/\/espace-tourbillon.ch\/app\/uploads\/2026\/02\/categorie-les-entreprises-draw.png\" alt=\"categorie-les-entreprises-draw\"\n                                    class=\"w-full h-full object-cover group-hover:scale-105 transition-transform duration-300\">\n                            <\/div>\n                        \n                        \n                                                    <div class=\"flex items-center justify-between py-[18px] gap-1\">\n                                <span class=\"text-primary font-anton font-normal text-30px lg:text-40px leading-56\">\n                                    Les entreprises\n                                <\/span>\n                                <svg \n    width=\"45\" \n    height=\"56\" \n    viewBox=\"0 0 45 56\" \n    fill=\"none\" \n    xmlns=\"http:\/\/www.w3.org\/2000\/svg\"\n    class=\"w-[29px] h-[37px] lg:w-[44px] lg:h-[56px] flex-shrink-0\"\n    aria-hidden=\"true\"\n>\n    <rect width=\"39\" height=\"8\" transform=\"matrix(-1 0 0 1 39 24.0001)\" fill=\"#84A8C8\"\/>\n    <path d=\"M37.877 21.8804L9.87077 49.8866L22.1235 49.8866L44.0033 28.0067L37.877 21.8804Z\" fill=\"#84A8C8\"\/>\n    <path d=\"M37.877 34.1198L9.87077 6.11357L22.1235 6.11356L44.0033 27.9934L37.877 34.1198Z\" fill=\"#84A8C8\"\/>\n<\/svg>\n\n                            <\/div>\n                                            <\/a>\n                                    \n                    <a href=\"https:\/\/espace-tourbillon.ch\/espaces-vie\/\" target=\"\" class=\"p-[18px] group flex flex-col overflow-hidden no-underline bg-white hover:bg-secondary-light transition-colors\">\n                        \n                                                    <div class=\"w-full aspect-[16\/9] overflow-hidden\">\n                                <img decoding=\"async\" src=\"https:\/\/espace-tourbillon.ch\/app\/uploads\/2026\/03\/categorie-espaces-de-vie-draw.png\" alt=\"categorie-espaces-de-vie-draw\"\n                                    class=\"w-full h-full object-cover group-hover:scale-105 transition-transform duration-300\">\n                            <\/div>\n                        \n                        \n                                                    <div class=\"flex items-center justify-between py-[18px] gap-1\">\n                                <span class=\"text-primary font-anton font-normal text-30px lg:text-40px leading-56\">\n                                    Les espaces de vie\n                                <\/span>\n                                <svg \n    width=\"45\" \n    height=\"56\" \n    viewBox=\"0 0 45 56\" \n    fill=\"none\" \n    xmlns=\"http:\/\/www.w3.org\/2000\/svg\"\n    class=\"w-[29px] h-[37px] lg:w-[44px] lg:h-[56px] flex-shrink-0\"\n    aria-hidden=\"true\"\n>\n    <rect width=\"39\" height=\"8\" transform=\"matrix(-1 0 0 1 39 24.0001)\" fill=\"#84A8C8\"\/>\n    <path d=\"M37.877 21.8804L9.87077 49.8866L22.1235 49.8866L44.0033 28.0067L37.877 21.8804Z\" fill=\"#84A8C8\"\/>\n    <path d=\"M37.877 34.1198L9.87077 6.11357L22.1235 6.11356L44.0033 27.9934L37.877 34.1198Z\" fill=\"#84A8C8\"\/>\n<\/svg>\n\n                            <\/div>\n                                            <\/a>\n                            <\/div>\n            <\/div>\n<\/div>\n<\/section>\n","protected":false},"excerpt":{"rendered":"","protected":false},"author":2,"featured_media":0,"parent":0,"menu_order":0,"comment_status":"closed","ping_status":"closed","template":"","meta":{"_acf_changed":false,"footnotes":""},"class_list":["post-492","page","type-page","status-publish","hentry"],"acf":[],"_links":{"self":[{"href":"https:\/\/espace-tourbillon.ch\/fr\/wp-json\/wp\/v2\/pages\/492","targetHints":{"allow":["GET"]}}],"collection":[{"href":"https:\/\/espace-tourbillon.ch\/fr\/wp-json\/wp\/v2\/pages"}],"about":[{"href":"https:\/\/espace-tourbillon.ch\/fr\/wp-json\/wp\/v2\/types\/page"}],"author":[{"embeddable":true,"href":"https:\/\/espace-tourbillon.ch\/fr\/wp-json\/wp\/v2\/users\/2"}],"replies":[{"embeddable":true,"href":"https:\/\/espace-tourbillon.ch\/fr\/wp-json\/wp\/v2\/comments?post=492"}],"version-history":[{"count":39,"href":"https:\/\/espace-tourbillon.ch\/fr\/wp-json\/wp\/v2\/pages\/492\/revisions"}],"predecessor-version":[{"id":848,"href":"https:\/\/espace-tourbillon.ch\/fr\/wp-json\/wp\/v2\/pages\/492\/revisions\/848"}],"wp:attachment":[{"href":"https:\/\/espace-tourbillon.ch\/fr\/wp-json\/wp\/v2\/media?parent=492"}],"curies":[{"name":"wp","href":"https:\/\/api.w.org\/{rel}","templated":true}]}}